{"id":8,"date":"2021-01-15T13:59:52","date_gmt":"2021-01-15T13:59:52","guid":{"rendered":"https:\/\/frisongen.no\/?page_id=8"},"modified":"2021-01-15T14:57:16","modified_gmt":"2021-01-15T14:57:16","slug":"hjem","status":"publish","type":"page","link":"https:\/\/frisongen.no\/","title":{"rendered":"hjem"},"content":{"rendered":"<p>[et_pb_section fb_built=&#8221;1&#8243; _builder_version=&#8221;4.8.0&#8243; _module_preset=&#8221;default&#8221; custom_margin=&#8221;0px||0px||true|false&#8221; custom_padding=&#8221;0px||0px||true|false&#8221; hover_enabled=&#8221;0&#8243; sticky_enabled=&#8221;0&#8243;][et_pb_row _builder_version=&#8221;4.8.0&#8243; _module_preset=&#8221;default&#8221; hover_enabled=&#8221;0&#8243; custom_margin=&#8221;0px||0px||true|false&#8221; custom_padding=&#8221;0px||0px||true|false&#8221; sticky_enabled=&#8221;0&#8243;][et_pb_column type=&#8221;4_4&#8243; _builder_version=&#8221;4.8.0&#8243; _module_preset=&#8221;default&#8221;][et_pb_image src=&#8221;https:\/\/frisongen.no\/wp-content\/uploads\/2021\/01\/frisorlogo.png&#8221; title_text=&#8221;frisorlogo&#8221; align=&#8221;center&#8221; _builder_version=&#8221;4.8.0&#8243; _module_preset=&#8221;default&#8221;][\/et_pb_image][et_pb_image src=&#8221;https:\/\/frisongen.no\/wp-content\/uploads\/2021\/01\/logo.jpg&#8221; alt=&#8221;Frisongen&#8221; title_text=&#8221;logo&#8221; align=&#8221;center&#8221; _builder_version=&#8221;4.8.0&#8243; _module_preset=&#8221;default&#8221; width=&#8221;40%&#8221; hover_enabled=&#8221;0&#8243; border_radii=&#8221;on|360px|360px|360px|360px&#8221; box_shadow_style=&#8221;preset1&#8243; box_shadow_vertical=&#8221;0px&#8221; box_shadow_blur=&#8221;60px&#8221; box_shadow_spread=&#8221;60px&#8221; sticky_enabled=&#8221;0&#8243;][\/et_pb_image][\/et_pb_column][\/et_pb_row][et_pb_row _builder_version=&#8221;4.8.0&#8243; _module_preset=&#8221;default&#8221;][et_pb_column type=&#8221;4_4&#8243; _builder_version=&#8221;4.8.0&#8243; _module_preset=&#8221;default&#8221;][et_pb_text _builder_version=&#8221;4.8.0&#8243; _module_preset=&#8221;default&#8221; text_font=&#8221;|700||on|||||&#8221; text_text_color=&#8221;#000000&#8243; text_font_size=&#8221;30px&#8221; text_orientation=&#8221;center&#8221; custom_margin=&#8221;0px||0px||true|false&#8221; custom_padding=&#8221;0px||0px||true|false&#8221; hover_enabled=&#8221;0&#8243; sticky_enabled=&#8221;0&#8243; text_line_height=&#8221;1em&#8221;]<\/p>\n<p>Frisongen<br \/> Feviktoppen 7<br \/> 4870 Fevik<\/p>\n<h1>Telefon: 370 48 757<\/h1>\n<p>[\/et_pb_text][\/et_pb_column][\/et_pb_row][\/et_pb_section][et_pb_section fb_built=&#8221;1&#8243; _builder_version=&#8221;4.8.0&#8243; _module_preset=&#8221;default&#8221; hover_enabled=&#8221;0&#8243; custom_margin=&#8221;0px||0px||true|false&#8221; custom_padding=&#8221;0px||0px||true|false&#8221; sticky_enabled=&#8221;0&#8243;][et_pb_row column_structure=&#8221;1_2,1_2&#8243; _builder_version=&#8221;4.8.0&#8243; _module_preset=&#8221;default&#8221; hover_enabled=&#8221;0&#8243; custom_margin=&#8221;0px||0px||true|false&#8221; custom_padding=&#8221;0px||||false|false&#8221; sticky_enabled=&#8221;0&#8243;][et_pb_column type=&#8221;1_2&#8243; _builder_version=&#8221;4.8.0&#8243; _module_preset=&#8221;default&#8221;][et_pb_button button_url=&#8221;http:\/\/www.ledigtime.no\/frisongen\/&#8221; url_new_window=&#8221;on&#8221; button_text=&#8221;Bestill time her&#8221; button_alignment=&#8221;center&#8221; _builder_version=&#8221;4.8.0&#8243; _module_preset=&#8221;default&#8221; custom_button=&#8221;on&#8221; button_text_size=&#8221;30px&#8221; button_text_color=&#8221;#FFFFFF&#8221; button_bg_color=&#8221;#3d9be9&#8243; button_border_width=&#8221;0px&#8221; button_border_radius=&#8221;0px&#8221; button_font=&#8221;|300|||||||&#8221; button_icon=&#8221;%%36%%&#8221;][\/et_pb_button][\/et_pb_column][et_pb_column type=&#8221;1_2&#8243; _builder_version=&#8221;4.8.0&#8243; _module_preset=&#8221;default&#8221;][et_pb_text _builder_version=&#8221;4.8.0&#8243; _module_preset=&#8221;default&#8221; header_text_color=&#8221;#E02B20&#8243; header_3_font=&#8221;|||on|||||&#8221; header_3_text_color=&#8221;#000000&#8243; header_4_text_color=&#8221;#E02B20&#8243;]<\/p>\n<h3>\u00c5pningstider:<\/h3>\n<p><strong>Man:<\/strong> Stengt<br \/> <strong>Tir-Fre:<\/strong> 10:00 &#8211; 16:00<br \/> <strong>Ons-Tors:<\/strong> 10:00 &#8211; 19:00<br \/> <strong>L\u00f8r:<\/strong> Etter avtale<\/p>\n<p><strong><a href=\"https:\/\/www.facebook.com\/Frisongen?fref=ts\">F\u00f8lg oss p\u00e5 Facebook!<\/a><\/strong><br \/><strong> <a href=\"https:\/\/www.instagram.com\/frisongen_as\/\">F\u00f8lg oss p\u00e5 Instagram!<\/a><\/strong><\/p>\n<p>[\/et_pb_text][\/et_pb_column][\/et_pb_row][\/et_pb_section]<\/p>\n","protected":false},"excerpt":{"rendered":"<p>Frisongen Feviktoppen 7 4870 Fevik Telefon: 370 48 757 \u00c5pningstider: Man: Stengt Tir-Fre: 10:00 &#8211; 16:00 Ons-Tors: 10:00 &#8211; 19:00 L\u00f8r: Etter avtale F\u00f8lg oss p\u00e5 Facebook! F\u00f8lg oss p\u00e5 Instagram!<\/p>\n","protected":false},"author":1,"featured_media":0,"parent":0,"menu_order":0,"comment_status":"closed","ping_status":"closed","template":"","meta":{"_et_pb_use_builder":"on","_et_pb_old_content":"","_et_gb_content_width":"","footnotes":""},"class_list":["post-8","page","type-page","status-publish","hentry"],"_links":{"self":[{"href":"https:\/\/frisongen.no\/index.php?rest_route=\/wp\/v2\/pages\/8","targetHints":{"allow":["GET"]}}],"collection":[{"href":"https:\/\/frisongen.no\/index.php?rest_route=\/wp\/v2\/pages"}],"about":[{"href":"https:\/\/frisongen.no\/index.php?rest_route=\/wp\/v2\/types\/page"}],"author":[{"embeddable":true,"href":"https:\/\/frisongen.no\/index.php?rest_route=\/wp\/v2\/users\/1"}],"replies":[{"embeddable":true,"href":"https:\/\/frisongen.no\/index.php?rest_route=%2Fwp%2Fv2%2Fcomments&post=8"}],"version-history":[{"count":0,"href":"https:\/\/frisongen.no\/index.php?rest_route=\/wp\/v2\/pages\/8\/revisions"}],"wp:attachment":[{"href":"https:\/\/frisongen.no\/index.php?rest_route=%2Fwp%2Fv2%2Fmedia&parent=8"}],"curies":[{"name":"wp","href":"https:\/\/api.w.org\/{rel}","templated":true}]}}